{"id":1020,"date":"2025-02-18T10:39:17","date_gmt":"2025-02-18T10:39:17","guid":{"rendered":"https:\/\/bigport.pt\/?page_id=1020"},"modified":"2025-02-18T10:57:26","modified_gmt":"2025-02-18T10:57:26","slug":"a-propos","status":"publish","type":"page","link":"http:\/\/bigport.pt\/?page_id=1020&lang=fr","title":{"rendered":"\u00c0 Propos"},"content":{"rendered":"\t\t<div data-elementor-type=\"wp-page\" data-elementor-id=\"1020\" class=\"elementor elementor-1020\">\n\t\t\t\t\t\t<section class=\"elementor-section elementor-top-section elementor-element elementor-element-33b70edf elementor-section-boxed elementor-section-height-default elementor-section-height-default\" data-id=\"33b70edf\" data-element_type=\"section\">\n\t\t\t\t\t\t<div class=\"elementor-container elementor-column-gap-default\">\n\t\t\t\t\t<div class=\"elementor-column elementor-col-100 elementor-top-column elementor-element elementor-element-4bfb992\" data-id=\"4bfb992\" data-element_type=\"column\">\n\t\t\t<div class=\"elementor-widget-wrap elementor-element-populated\">\n\t\t\t\t\t\t<div class=\"elementor-element elementor-element-b7ebb1f elementor-widget elementor-widget-shortcode\" data-id=\"b7ebb1f\" data-element_type=\"widget\" data-widget_type=\"shortcode.default\">\n\t\t\t\t<div class=\"elementor-widget-container\">\n\t\t\t\t\t<div class=\"elementor-shortcode\">\n<\/div>\n\t\t\t\t<\/div>\n\t\t\t\t<\/div>\n\t\t\t\t\t<\/div>\n\t\t<\/div>\n\t\t\t\t\t<\/div>\n\t\t<\/section>\n\t\t\t\t<section class=\"elementor-section elementor-top-section elementor-element elementor-element-5385815 elementor-section-boxed elementor-section-height-default elementor-section-height-default\" data-id=\"5385815\" data-element_type=\"section\">\n\t\t\t\t\t\t<div class=\"elementor-container elementor-column-gap-default\">\n\t\t\t\t\t<div class=\"elementor-column elementor-col-100 elementor-top-column elementor-element elementor-element-4848cb2\" data-id=\"4848cb2\" data-element_type=\"column\">\n\t\t\t<div class=\"elementor-widget-wrap elementor-element-populated\">\n\t\t\t\t\t\t<div class=\"elementor-element elementor-element-b2b0e30 elementor-widget elementor-widget-spacer\" data-id=\"b2b0e30\" data-element_type=\"widget\" data-widget_type=\"spacer.default\">\n\t\t\t\t<div class=\"elementor-widget-container\">\n\t\t\t\t\t<div class=\"elementor-spacer\">\n\t\t\t<div class=\"elementor-spacer-inner\"><\/div>\n\t\t<\/div>\n\t\t\t\t<\/div>\n\t\t\t\t<\/div>\n\t\t\t\t\t<\/div>\n\t\t<\/div>\n\t\t\t\t\t<\/div>\n\t\t<\/section>\n\t\t\t\t<section class=\"elementor-section elementor-top-section elementor-element elementor-element-606a39b elementor-section-boxed elementor-section-height-default elementor-section-height-default\" data-id=\"606a39b\" data-element_type=\"section\">\n\t\t\t\t\t\t<div class=\"elementor-container elementor-column-gap-default\">\n\t\t\t\t\t<div class=\"elementor-column elementor-col-50 elementor-top-column elementor-element elementor-element-6c2396f\" data-id=\"6c2396f\" data-element_type=\"column\">\n\t\t\t<div class=\"elementor-widget-wrap elementor-element-populated\">\n\t\t\t\t\t\t<div class=\"elementor-element elementor-element-9d316e4 elementor-widget__width-initial elementor-widget elementor-widget-heading\" data-id=\"9d316e4\" data-element_type=\"widget\" data-widget_type=\"heading.default\">\n\t\t\t\t<div class=\"elementor-widget-container\">\n\t\t\t<h2 class=\"elementor-heading-title elementor-size-default\"><br>La large gamme de produits Bigport est actuellement pr\u00e9sent\u00e9e sous la marque Big Home et couvre diff\u00e9rents\ndomaines: pu\u00e9riculture, nettoyage, maison, outdoor, loisirs\n<div><br><\/div><\/h2>\t\t<\/div>\n\t\t\t\t<\/div>\n\t\t\t\t\t<\/div>\n\t\t<\/div>\n\t\t\t\t<div class=\"elementor-column elementor-col-50 elementor-top-column elementor-element elementor-element-fde47d9\" data-id=\"fde47d9\" data-element_type=\"column\">\n\t\t\t<div class=\"elementor-widget-wrap elementor-element-populated\">\n\t\t\t\t\t\t<div class=\"elementor-element elementor-element-23ebfa2 elementor-widget__width-initial elementor-widget elementor-widget-heading\" data-id=\"23ebfa2\" data-element_type=\"widget\" data-widget_type=\"heading.default\">\n\t\t\t\t<div class=\"elementor-widget-container\">\n\t\t\t<h2 class=\"elementor-heading-title elementor-size-default\"><br>Les articles d'ext\u00e9rieur comprennent une large gamme de \ngamme de produits de jardinage, tels que des pots bicolores de diff\u00e9rentes tailles, ainsi que des arrosoirs et des tuyaux. \nbicolores de diff\u00e9rentes tailles, ainsi que des arrosoirs et des tuyaux d'arrosage. \ntuyaux. \n<div><br><\/div><\/h2>\t\t<\/div>\n\t\t\t\t<\/div>\n\t\t\t\t\t<\/div>\n\t\t<\/div>\n\t\t\t\t\t<\/div>\n\t\t<\/section>\n\t\t\t\t<section class=\"elementor-section elementor-top-section elementor-element elementor-element-dbc7b59 elementor-section-boxed elementor-section-height-default elementor-section-height-default\" data-id=\"dbc7b59\" data-element_type=\"section\">\n\t\t\t\t\t\t<div class=\"elementor-container elementor-column-gap-default\">\n\t\t\t\t\t<div class=\"elementor-column elementor-col-50 elementor-top-column elementor-element elementor-element-2fd9346\" data-id=\"2fd9346\" data-element_type=\"column\">\n\t\t\t<div class=\"elementor-widget-wrap elementor-element-populated\">\n\t\t\t\t\t\t<div class=\"elementor-element elementor-element-e0c12c9 elementor-widget__width-initial elementor-widget elementor-widget-heading\" data-id=\"e0c12c9\" data-element_type=\"widget\" data-widget_type=\"heading.default\">\n\t\t\t\t<div class=\"elementor-widget-container\">\n\t\t\t<h2 class=\"elementor-heading-title elementor-size-default\"><br>Les articles m\u00e9nagers sont divis\u00e9s en articles pour la \nla salle de bain, la cuisine et les meubles. Les \ngamme de couleurs, \ndu plus color\u00e9 au plus neutre, il est possible de combiner plusieurs produits dans la m\u00eame couleur. \nde combiner plusieurs produits dans la m\u00eame couleur \nen choisissant des articles pour le garde-manger ou des accessoires de cuisine. \naccessoires de cuisine. \n<div><br><\/div><\/h2>\t\t<\/div>\n\t\t\t\t<\/div>\n\t\t\t\t\t<\/div>\n\t\t<\/div>\n\t\t\t\t<div class=\"elementor-column elementor-col-50 elementor-top-column elementor-element elementor-element-814221a\" data-id=\"814221a\" data-element_type=\"column\">\n\t\t\t<div class=\"elementor-widget-wrap elementor-element-populated\">\n\t\t\t\t\t\t<div class=\"elementor-element elementor-element-4d5fc8f elementor-widget__width-initial elementor-widget elementor-widget-heading\" data-id=\"4d5fc8f\" data-element_type=\"widget\" data-widget_type=\"heading.default\">\n\t\t\t\t<div class=\"elementor-widget-container\">\n\t\t\t<h2 class=\"elementor-heading-title elementor-size-default\"><br>L'espace Nettoyage comprend une vari\u00e9t\u00e9 de produits respectueux de l'environnement et plus durables gr\u00e2ce \u00e0 leur composition en microfibres, qui r\u00e9duisent le besoin de d\u00e9tergents. \nL'utilisation de d\u00e9tergents n'est pas n\u00e9cessaire, comme c'est le cas pour certains chiffons, serpilli\u00e8res, gants, d\u00e9poussi\u00e9reurs, entre autres. . <span style=\"font-family: Montserrat, sans-serif;font-size: 17px\"><\/span><br><br><\/h2>\t\t<\/div>\n\t\t\t\t<\/div>\n\t\t\t\t\t<\/div>\n\t\t<\/div>\n\t\t\t\t\t<\/div>\n\t\t<\/section>\n\t\t\t\t<section class=\"elementor-section elementor-top-section elementor-element elementor-element-0e5cff3 elementor-section-boxed elementor-section-height-default elementor-section-height-default\" data-id=\"0e5cff3\" data-element_type=\"section\">\n\t\t\t\t\t\t<div class=\"elementor-container elementor-column-gap-default\">\n\t\t\t\t\t<div class=\"elementor-column elementor-col-50 elementor-top-column elementor-element elementor-element-cb8e252\" data-id=\"cb8e252\" data-element_type=\"column\">\n\t\t\t<div class=\"elementor-widget-wrap elementor-element-populated\">\n\t\t\t\t\t\t<div class=\"elementor-element elementor-element-1976eb7 elementor-widget__width-initial elementor-widget elementor-widget-heading\" data-id=\"1976eb7\" data-element_type=\"widget\" data-widget_type=\"heading.default\">\n\t\t\t\t<div class=\"elementor-widget-container\">\n\t\t\t<h2 class=\"elementor-heading-title elementor-size-default\"><br>Les articles de loisirs comprennent les accessoires de barbecue et les articles de r\u00e9frig\u00e9ration\n\u00e0 utiliser \u00e0 l'ext\u00e9rieur de la maison.\n<div><br><\/div><\/h2>\t\t<\/div>\n\t\t\t\t<\/div>\n\t\t\t\t\t<\/div>\n\t\t<\/div>\n\t\t\t\t<div class=\"elementor-column elementor-col-50 elementor-top-column elementor-element elementor-element-f0c7636\" data-id=\"f0c7636\" data-element_type=\"column\">\n\t\t\t<div class=\"elementor-widget-wrap elementor-element-populated\">\n\t\t\t\t\t\t<div class=\"elementor-element elementor-element-c700248 elementor-widget__width-initial elementor-widget elementor-widget-heading\" data-id=\"c700248\" data-element_type=\"widget\" data-widget_type=\"heading.default\">\n\t\t\t\t<div class=\"elementor-widget-container\">\n\t\t\t<h2 class=\"elementor-heading-title elementor-size-default\"><br>Nous sommes \u00e9galement les repr\u00e9sentants en Europe de certains \nSkala Cosm\u00e9ticos dans le domaine des cosm\u00e9tiques, \nCondor dans le domaine du nettoyage, de la beaut\u00e9 et de l'hygi\u00e8ne bucco-dentaire \net Great Plastics, dans le segment des plastiques pour la maison. \npour la maison.  <br><\/h2>\t\t<\/div>\n\t\t\t\t<\/div>\n\t\t\t\t\t<\/div>\n\t\t<\/div>\n\t\t\t\t\t<\/div>\n\t\t<\/section>\n\t\t\t\t<section class=\"elementor-section elementor-top-section elementor-element elementor-element-797b489 elementor-section-boxed elementor-section-height-default elementor-section-height-default\" data-id=\"797b489\" data-element_type=\"section\">\n\t\t\t\t\t\t<div class=\"elementor-container elementor-column-gap-default\">\n\t\t\t\t\t<div class=\"elementor-column elementor-col-100 elementor-top-column elementor-element elementor-element-9c00730\" data-id=\"9c00730\" data-element_type=\"column\">\n\t\t\t<div class=\"elementor-widget-wrap elementor-element-populated\">\n\t\t\t\t\t\t<div class=\"elementor-element elementor-element-c792e42 elementor-widget elementor-widget-spacer\" data-id=\"c792e42\" data-element_type=\"widget\" data-widget_type=\"spacer.default\">\n\t\t\t\t<div class=\"elementor-widget-container\">\n\t\t\t\t\t<div class=\"elementor-spacer\">\n\t\t\t<div class=\"elementor-spacer-inner\"><\/div>\n\t\t<\/div>\n\t\t\t\t<\/div>\n\t\t\t\t<\/div>\n\t\t\t\t<div class=\"elementor-element elementor-element-9a94541 elementor-widget elementor-widget-heading\" data-id=\"9a94541\" data-element_type=\"widget\" data-widget_type=\"heading.default\">\n\t\t\t\t<div class=\"elementor-widget-container\">\n\t\t\t<h2 class=\"elementor-heading-title elementor-size-default\">Merci \u00e0 tous nos employ\u00e9s, partenaires et clients ! \n<br>\nEnsemble, nous irons encore plus loin !<\/h2>\t\t<\/div>\n\t\t\t\t<\/div>\n\t\t\t\t\t<\/div>\n\t\t<\/div>\n\t\t\t\t\t<\/div>\n\t\t<\/section>\n\t\t\t\t<section class=\"elementor-section elementor-top-section elementor-element elementor-element-e289d27 elementor-section-boxed elementor-section-height-default elementor-section-height-default\" data-id=\"e289d27\" data-element_type=\"section\">\n\t\t\t\t\t\t<div class=\"elementor-container elementor-column-gap-default\">\n\t\t\t\t\t<div class=\"elementor-column elementor-col-100 elementor-top-column elementor-element elementor-element-bd7a1bc\" data-id=\"bd7a1bc\" data-element_type=\"column\">\n\t\t\t<div class=\"elementor-widget-wrap elementor-element-populated\">\n\t\t\t\t\t\t<div class=\"elementor-element elementor-element-f758e31 elementor-widget elementor-widget-spacer\" data-id=\"f758e31\" data-element_type=\"widget\" data-widget_type=\"spacer.default\">\n\t\t\t\t<div class=\"elementor-widget-container\">\n\t\t\t\t\t<div class=\"elementor-spacer\">\n\t\t\t<div class=\"elementor-spacer-inner\"><\/div>\n\t\t<\/div>\n\t\t\t\t<\/div>\n\t\t\t\t<\/div>\n\t\t\t\t\t<\/div>\n\t\t<\/div>\n\t\t\t\t\t<\/div>\n\t\t<\/section>\n\t\t\t\t<\/div>\n\t\t","protected":false},"excerpt":{"rendered":"<p>La large gamme de produits Bigport est actuellement pr\u00e9sent\u00e9e sous la marque Big Home et couvre diff\u00e9rents domaines: pu\u00e9riculture, nettoyage, maison, outdoor, loisirs Les articles d&#8217;ext\u00e9rieur comprennent une large gamme de gamme de produits de jardinage, tels que des pots bicolores de diff\u00e9rentes tailles, ainsi que des arrosoirs et des tuyaux. bicolores de diff\u00e9rentes tailles, [&hellip;]<\/p>\n","protected":false},"author":1,"featured_media":0,"parent":0,"menu_order":0,"comment_status":"closed","ping_status":"closed","template":"elementor_header_footer","meta":{"ocean_post_layout":"","ocean_both_sidebars_style":"","ocean_both_sidebars_content_width":0,"ocean_both_sidebars_sidebars_width":0,"ocean_sidebar":"0","ocean_second_sidebar":"0","ocean_disable_margins":"enable","ocean_add_body_class":"","ocean_shortcode_before_top_bar":"","ocean_shortcode_after_top_bar":"","ocean_shortcode_before_header":"","ocean_shortcode_after_header":"","ocean_has_shortcode":"","ocean_shortcode_after_title":"","ocean_shortcode_before_footer_widgets":"","ocean_shortcode_after_footer_widgets":"","ocean_shortcode_before_footer_bottom":"","ocean_shortcode_after_footer_bottom":"","ocean_display_top_bar":"default","ocean_display_header":"default","ocean_header_style":"","ocean_center_header_left_menu":"0","ocean_custom_header_template":"0","ocean_custom_logo":0,"ocean_custom_retina_logo":0,"ocean_custom_logo_max_width":0,"ocean_custom_logo_tablet_max_width":0,"ocean_custom_logo_mobile_max_width":0,"ocean_custom_logo_max_height":0,"ocean_custom_logo_tablet_max_height":0,"ocean_custom_logo_mobile_max_height":0,"ocean_header_custom_menu":"0","ocean_menu_typo_font_family":"0","ocean_menu_typo_font_subset":"","ocean_menu_typo_font_size":0,"ocean_menu_typo_font_size_tablet":0,"ocean_menu_typo_font_size_mobile":0,"ocean_menu_typo_font_size_unit":"px","ocean_menu_typo_font_weight":"","ocean_menu_typo_font_weight_tablet":"","ocean_menu_typo_font_weight_mobile":"","ocean_menu_typo_transform":"","ocean_menu_typo_transform_tablet":"","ocean_menu_typo_transform_mobile":"","ocean_menu_typo_line_height":0,"ocean_menu_typo_line_height_tablet":0,"ocean_menu_typo_line_height_mobile":0,"ocean_menu_typo_line_height_unit":"","ocean_menu_typo_spacing":0,"ocean_menu_typo_spacing_tablet":0,"ocean_menu_typo_spacing_mobile":0,"ocean_menu_typo_spacing_unit":"","ocean_menu_link_color":"","ocean_menu_link_color_hover":"","ocean_menu_link_color_active":"","ocean_menu_link_background":"","ocean_menu_link_hover_background":"","ocean_menu_link_active_background":"","ocean_menu_social_links_bg":"","ocean_menu_social_hover_links_bg":"","ocean_menu_social_links_color":"","ocean_menu_social_hover_links_color":"","ocean_disable_title":"default","ocean_disable_heading":"default","ocean_post_title":"","ocean_post_subheading":"","ocean_post_title_style":"","ocean_post_title_background_color":"","ocean_post_title_background":0,"ocean_post_title_bg_image_position":"","ocean_post_title_bg_image_attachment":"","ocean_post_title_bg_image_repeat":"","ocean_post_title_bg_image_size":"","ocean_post_title_height":0,"ocean_post_title_bg_overlay":0.5,"ocean_post_title_bg_overlay_color":"","ocean_disable_breadcrumbs":"default","ocean_breadcrumbs_color":"","ocean_breadcrumbs_separator_color":"","ocean_breadcrumbs_links_color":"","ocean_breadcrumbs_links_hover_color":"","ocean_display_footer_widgets":"default","ocean_display_footer_bottom":"default","ocean_custom_footer_template":"0","footnotes":""},"class_list":["post-1020","page","type-page","status-publish","hentry","entry"],"yoast_head":"<!-- This site is optimized with the Yoast SEO plugin v24.4 - https:\/\/yoast.com\/wordpress\/plugins\/seo\/ -->\n<title>\u00c0 Propos - Bigport<\/title>\n<meta name=\"robots\" content=\"index, follow, max-snippet:-1, max-image-preview:large, max-video-preview:-1\" \/>\n<link rel=\"canonical\" href=\"http:\/\/bigport.pt\/?page_id=1020&lang=fr\" \/>\n<meta property=\"og:locale\" content=\"pt_PT\" \/>\n<meta property=\"og:type\" content=\"article\" \/>\n<meta property=\"og:title\" content=\"\u00c0 Propos - Bigport\" \/>\n<meta property=\"og:description\" content=\"La large gamme de produits Bigport est actuellement pr\u00e9sent\u00e9e sous la marque Big Home et couvre diff\u00e9rents domaines: pu\u00e9riculture, nettoyage, maison, outdoor, loisirs Les articles d&#8217;ext\u00e9rieur comprennent une large gamme de gamme de produits de jardinage, tels que des pots bicolores de diff\u00e9rentes tailles, ainsi que des arrosoirs et des tuyaux. bicolores de diff\u00e9rentes tailles, [&hellip;]\" \/>\n<meta property=\"og:url\" content=\"http:\/\/bigport.pt\/?page_id=1020&amp;lang=fr\" \/>\n<meta property=\"og:site_name\" content=\"Bigport\" \/>\n<meta property=\"article:modified_time\" content=\"2025-02-18T10:57:26+00:00\" \/>\n<meta name=\"twitter:card\" content=\"summary_large_image\" \/>\n<meta name=\"twitter:label1\" content=\"Tempo estimado de leitura\" \/>\n\t<meta name=\"twitter:data1\" content=\"2 minutos\" \/>\n<script type=\"application\/ld+json\" class=\"yoast-schema-graph\">{\"@context\":\"https:\/\/schema.org\",\"@graph\":[{\"@type\":\"WebPage\",\"@id\":\"http:\/\/bigport.pt\/?page_id=1020&lang=fr\",\"url\":\"http:\/\/bigport.pt\/?page_id=1020&lang=fr\",\"name\":\"\u00c0 Propos - Bigport\",\"isPartOf\":{\"@id\":\"http:\/\/bigport.pt\/#website\"},\"datePublished\":\"2025-02-18T10:39:17+00:00\",\"dateModified\":\"2025-02-18T10:57:26+00:00\",\"breadcrumb\":{\"@id\":\"http:\/\/bigport.pt\/?page_id=1020&lang=fr#breadcrumb\"},\"inLanguage\":\"pt-PT\",\"potentialAction\":[{\"@type\":\"ReadAction\",\"target\":[\"http:\/\/bigport.pt\/?page_id=1020&lang=fr\"]}]},{\"@type\":\"BreadcrumbList\",\"@id\":\"http:\/\/bigport.pt\/?page_id=1020&lang=fr#breadcrumb\",\"itemListElement\":[{\"@type\":\"ListItem\",\"position\":1,\"name\":\"In\u00edcio\",\"item\":\"https:\/\/bigport.pt\/\"},{\"@type\":\"ListItem\",\"position\":2,\"name\":\"\u00c0 Propos\"}]},{\"@type\":\"WebSite\",\"@id\":\"http:\/\/bigport.pt\/#website\",\"url\":\"http:\/\/bigport.pt\/\",\"name\":\"Bigport\",\"description\":\"\",\"publisher\":{\"@id\":\"http:\/\/bigport.pt\/#organization\"},\"potentialAction\":[{\"@type\":\"SearchAction\",\"target\":{\"@type\":\"EntryPoint\",\"urlTemplate\":\"http:\/\/bigport.pt\/?s={search_term_string}\"},\"query-input\":{\"@type\":\"PropertyValueSpecification\",\"valueRequired\":true,\"valueName\":\"search_term_string\"}}],\"inLanguage\":\"pt-PT\"},{\"@type\":\"Organization\",\"@id\":\"http:\/\/bigport.pt\/#organization\",\"name\":\"Bigport\",\"url\":\"http:\/\/bigport.pt\/\",\"logo\":{\"@type\":\"ImageObject\",\"inLanguage\":\"pt-PT\",\"@id\":\"http:\/\/bigport.pt\/#\/schema\/logo\/image\/\",\"url\":\"http:\/\/bigport.pt\/wp-content\/uploads\/2024\/07\/cropped-cropped-logo-bigport-scaled-1.jpg\",\"contentUrl\":\"http:\/\/bigport.pt\/wp-content\/uploads\/2024\/07\/cropped-cropped-logo-bigport-scaled-1.jpg\",\"width\":2560,\"height\":592,\"caption\":\"Bigport\"},\"image\":{\"@id\":\"http:\/\/bigport.pt\/#\/schema\/logo\/image\/\"}}]}<\/script>\n<!-- \/ Yoast SEO plugin. -->","yoast_head_json":{"title":"\u00c0 Propos - Bigport","robots":{"index":"index","follow":"follow","max-snippet":"max-snippet:-1","max-image-preview":"max-image-preview:large","max-video-preview":"max-video-preview:-1"},"canonical":"http:\/\/bigport.pt\/?page_id=1020&lang=fr","og_locale":"pt_PT","og_type":"article","og_title":"\u00c0 Propos - Bigport","og_description":"La large gamme de produits Bigport est actuellement pr\u00e9sent\u00e9e sous la marque Big Home et couvre diff\u00e9rents domaines: pu\u00e9riculture, nettoyage, maison, outdoor, loisirs Les articles d&#8217;ext\u00e9rieur comprennent une large gamme de gamme de produits de jardinage, tels que des pots bicolores de diff\u00e9rentes tailles, ainsi que des arrosoirs et des tuyaux. bicolores de diff\u00e9rentes tailles, [&hellip;]","og_url":"http:\/\/bigport.pt\/?page_id=1020&lang=fr","og_site_name":"Bigport","article_modified_time":"2025-02-18T10:57:26+00:00","twitter_card":"summary_large_image","twitter_misc":{"Tempo estimado de leitura":"2 minutos"},"schema":{"@context":"https:\/\/schema.org","@graph":[{"@type":"WebPage","@id":"http:\/\/bigport.pt\/?page_id=1020&lang=fr","url":"http:\/\/bigport.pt\/?page_id=1020&lang=fr","name":"\u00c0 Propos - Bigport","isPartOf":{"@id":"http:\/\/bigport.pt\/#website"},"datePublished":"2025-02-18T10:39:17+00:00","dateModified":"2025-02-18T10:57:26+00:00","breadcrumb":{"@id":"http:\/\/bigport.pt\/?page_id=1020&lang=fr#breadcrumb"},"inLanguage":"pt-PT","potentialAction":[{"@type":"ReadAction","target":["http:\/\/bigport.pt\/?page_id=1020&lang=fr"]}]},{"@type":"BreadcrumbList","@id":"http:\/\/bigport.pt\/?page_id=1020&lang=fr#breadcrumb","itemListElement":[{"@type":"ListItem","position":1,"name":"In\u00edcio","item":"https:\/\/bigport.pt\/"},{"@type":"ListItem","position":2,"name":"\u00c0 Propos"}]},{"@type":"WebSite","@id":"http:\/\/bigport.pt\/#website","url":"http:\/\/bigport.pt\/","name":"Bigport","description":"","publisher":{"@id":"http:\/\/bigport.pt\/#organization"},"potentialAction":[{"@type":"SearchAction","target":{"@type":"EntryPoint","urlTemplate":"http:\/\/bigport.pt\/?s={search_term_string}"},"query-input":{"@type":"PropertyValueSpecification","valueRequired":true,"valueName":"search_term_string"}}],"inLanguage":"pt-PT"},{"@type":"Organization","@id":"http:\/\/bigport.pt\/#organization","name":"Bigport","url":"http:\/\/bigport.pt\/","logo":{"@type":"ImageObject","inLanguage":"pt-PT","@id":"http:\/\/bigport.pt\/#\/schema\/logo\/image\/","url":"http:\/\/bigport.pt\/wp-content\/uploads\/2024\/07\/cropped-cropped-logo-bigport-scaled-1.jpg","contentUrl":"http:\/\/bigport.pt\/wp-content\/uploads\/2024\/07\/cropped-cropped-logo-bigport-scaled-1.jpg","width":2560,"height":592,"caption":"Bigport"},"image":{"@id":"http:\/\/bigport.pt\/#\/schema\/logo\/image\/"}}]}},"_links":{"self":[{"href":"http:\/\/bigport.pt\/index.php?rest_route=\/wp\/v2\/pages\/1020","targetHints":{"allow":["GET"]}}],"collection":[{"href":"http:\/\/bigport.pt\/index.php?rest_route=\/wp\/v2\/pages"}],"about":[{"href":"http:\/\/bigport.pt\/index.php?rest_route=\/wp\/v2\/types\/page"}],"author":[{"embeddable":true,"href":"http:\/\/bigport.pt\/index.php?rest_route=\/wp\/v2\/users\/1"}],"replies":[{"embeddable":true,"href":"http:\/\/bigport.pt\/index.php?rest_route=%2Fwp%2Fv2%2Fcomments&post=1020"}],"version-history":[{"count":4,"href":"http:\/\/bigport.pt\/index.php?rest_route=\/wp\/v2\/pages\/1020\/revisions"}],"predecessor-version":[{"id":1044,"href":"http:\/\/bigport.pt\/index.php?rest_route=\/wp\/v2\/pages\/1020\/revisions\/1044"}],"wp:attachment":[{"href":"http:\/\/bigport.pt\/index.php?rest_route=%2Fwp%2Fv2%2Fmedia&parent=1020"}],"curies":[{"name":"wp","href":"https:\/\/api.w.org\/{rel}","templated":true}]}}